{"id":6,"date":"2016-09-21T17:01:53","date_gmt":"2016-09-21T15:01:53","guid":{"rendered":"http:\/\/www.millenairs.fr\/?page_id=6"},"modified":"2017-10-19T20:06:07","modified_gmt":"2017-10-19T18:06:07","slug":"6-2","status":"publish","type":"page","link":"https:\/\/www.millenairs.fr\/","title":{"rendered":"Millenairs"},"content":{"rendered":"<h2>Pr\u00e9sentation de la m\u00e9diath\u00e8que Mill\u00e9nairs\u00a0<img loading=\"lazy\" class=\"alignright size-full wp-image-12\" src=\"https:\/\/www.millenairs.fr\/wp-content\/uploads\/2016\/09\/19.jpeg.jpg\" alt=\"19.jpeg\" width=\"297\" height=\"170\" \/><\/h2>\n<p>Il s&rsquo;agit d&rsquo;un centre de culture ouvert au public. Ainsi, tout le monde peut s&rsquo;y rendre pour consulter ou emprunter un document, acc\u00e9der \u00e0 Internet, feuilleter, lire un magazine ou tout simplement s&rsquo;y balader et d\u00e9couvrir les diverses expositions. Ce document peut \u00eatre : livre, p\u00e9riodique, CD, DVD, livres audio et bien plus encore. Elle est constitu\u00e9e de plusieurs \u00e9tages et chaque \u00e9tage repr\u00e9sente un p\u00f4le pr\u00e9cis. Vous y trouverez aussi un p\u00f4le consacr\u00e9 \u00e0 la jeunesse. L&rsquo;objectif principal de cette m\u00e9diath\u00e8que est de ne laisser personne \u00e0 l&rsquo;\u00e9cart de la connaissance et de la culture.<\/p>\n<h2>Informations g\u00e9n\u00e9rales sur le d\u00e9m\u00e9nagement<\/h2>\n<p>Bien choisir son d\u00e9m\u00e9nageur revient en quelque sorte \u00e0 r\u00e9ussir son d\u00e9m\u00e9nagement. En effet, un bon d\u00e9m\u00e9nageur <a href=\"http:\/\/demenageur.com\">demenageur.com<\/a>\u00a0est celui qui prend en compte vos besoins et votre budget, afin de vous proposer un tarif d\u00e9m\u00e9nagement pas cher. , \u00e0 travers le devis d\u00e9m\u00e9nagement <a href=\"http:\/\/demenageur.com\/devis-demenagement\/\">demenageur.com\/devis-demenagement\/<\/a>\u00a0que nous vous proposons, nous vous garantissons que votre d\u00e9m\u00e9nagement <a href=\"http:\/\/demenageur.com\/demenagement\/\">demenageur.com\/demenagement\/<\/a>\u00a0sera pris au s\u00e9rieux par notre \u00e9quipe de professionnels. En outre, nous vous accompagnerons tout au long de votre processus de d\u00e9m\u00e9nagement, afin qu&rsquo;il puisse se passer dans les plus brefs d\u00e9lais. Nous vous aiderons aussi \u00e0 trouver le garde-meuble adapt\u00e9 pour le stockage de vos biens. Par ailleurs, nous vous conseillerons et nous nous occuperons aussi de certaines de vos d\u00e9marches administratives.<\/p>\n<h2>Informations g\u00e9n\u00e9rales sur l&rsquo;assurance vie<\/h2>\n<p>Assurance vie <a href=\"http:\/\/lassurancevie.fr\">lassurancevie.fr<\/a>\u00a0est un produit d&rsquo;\u00e9pargne. L&rsquo;argent que l&rsquo;assur\u00e9 y place, il peut en profiter de son vivant. Ce qui n&rsquo;est pas le cas lorsque vous souscrivez \u00e0 l&rsquo;assurance d\u00e9c\u00e8s. L&rsquo;assurance vie est aussi un outil de transmission du patrimoine de l&rsquo;assur\u00e9. Ainsi, en cas de d\u00e9c\u00e8s de ce dernier, son argent sera r\u00e9serv\u00e9 aux personnes qu&rsquo;il a d\u00e9sign\u00e9es comme b\u00e9n\u00e9ficiaires. Cet argent sera major\u00e9 des avantages fiscaux. L&rsquo;assur\u00e9 peut d\u00e9signer n&rsquo;importe quel b\u00e9n\u00e9ficiaire de son choix.<\/p>\n<h2>Informations g\u00e9n\u00e9rales sur les visas pour l&rsquo;\u00e9tranger<\/h2>\n<p>Seuls les r\u00e9sidents exempt\u00e9s de visa ont le droit de voyager sans visa. Pour savoir si votre pays figure parmi les pays exempt\u00e9s de visa, vous devez vous rapprocher de la repr\u00e9sentation diplomatique du pays o\u00f9 vous souhaitez vous rendre pour plus d&rsquo;informations. Si vous devez obligatoirement poss\u00e9der un visa, la m\u00eame repr\u00e9sentation diplomatique vous informera sur les pi\u00e8ces \u00e0 fournir pour une obtention effective de votre visa. G\u00e9n\u00e9ralement, que vous recherchiez un visa chine <a href=\"http:\/\/visachine.fr\">visachine.fr<\/a>\u00a0, visa russie\u00a0proc\u00e9dures sont quasiment les m\u00eames.<\/p>\n<h2>Informations g\u00e9n\u00e9rales sur les croisi\u00e8res<\/h2>\n<p>Les agences de croisi\u00e8re sont de plus en plus sollicit\u00e9es par rapport aux autres moyens de transport. \u00c0 bord d&rsquo;un navire de croisi\u00e8re, vous avez une large main de manoeuvre et vous b\u00e9n\u00e9ficiez de beaucoup d&rsquo;autres avantages comme les excursions, les soir\u00e9es de gala et autres. Par ailleurs, vous \u00eates log\u00e9s dans des cabines confortables et vous vous divertissez m\u00eame durant votre voyage. En outre, ind\u00e9pendamment de votre destination et de votre budget, vous trouverez \u00e0 coup s\u00fbr un navire de croisi\u00e8re qui r\u00e9pond \u00e0 vos exigences. Vous b\u00e9n\u00e9ficiez aussi d&rsquo;une carte sur laquelle sera enregistr\u00e9e la totalit\u00e9 de vos d\u00e9penses sur le navire.<\/p>\n<p class=\"p1\">\n","protected":false},"excerpt":{"rendered":"<p>Pr\u00e9sentation de la m\u00e9diath\u00e8que Mill\u00e9nairs\u00a0 Il s&rsquo;agit d&rsquo;un centre de culture ouvert au public. Ainsi, tout le monde peut s&rsquo;y rendre pour consulter ou emprunter un document, acc\u00e9der \u00e0 Internet, feuilleter, lire un magazine ou tout simplement s&rsquo;y balader et d\u00e9couvrir les diverses expositions. Ce document peut \u00eatre : livre, p\u00e9riodique, CD, DVD, livres audio [&hellip;]<\/p>\n","protected":false},"author":1,"featured_media":0,"parent":0,"menu_order":0,"comment_status":"closed","ping_status":"closed","template":"full-width-page-template.php","meta":[],"_links":{"self":[{"href":"https:\/\/www.millenairs.fr\/index.php\/wp-json\/wp\/v2\/pages\/6"}],"collection":[{"href":"https:\/\/www.millenairs.fr\/index.php\/wp-json\/wp\/v2\/pages"}],"about":[{"href":"https:\/\/www.millenairs.fr\/index.php\/wp-json\/wp\/v2\/types\/page"}],"author":[{"embeddable":true,"href":"https:\/\/www.millenairs.fr\/index.php\/wp-json\/wp\/v2\/users\/1"}],"replies":[{"embeddable":true,"href":"https:\/\/www.millenairs.fr\/index.php\/wp-json\/wp\/v2\/comments?post=6"}],"version-history":[{"count":5,"href":"https:\/\/www.millenairs.fr\/index.php\/wp-json\/wp\/v2\/pages\/6\/revisions"}],"predecessor-version":[{"id":15,"href":"https:\/\/www.millenairs.fr\/index.php\/wp-json\/wp\/v2\/pages\/6\/revisions\/15"}],"wp:attachment":[{"href":"https:\/\/www.millenairs.fr\/index.php\/wp-json\/wp\/v2\/media?parent=6"}],"curies":[{"name":"wp","href":"https:\/\/api.w.org\/{rel}","templated":true}]}}